{"id":1601,"date":"2023-04-05T05:45:53","date_gmt":"2023-04-05T03:45:53","guid":{"rendered":"https:\/\/vespa-rental.es\/impressum\/"},"modified":"2023-05-17T08:01:45","modified_gmt":"2023-05-17T06:01:45","slug":"impressum","status":"publish","type":"page","link":"https:\/\/vespa-rental.es\/de\/impressum\/","title":{"rendered":"Impressum"},"content":{"rendered":"<section class=\"wpb-content-wrapper\">[vc_row][vc_column][vc_column_text][\/vc_column_text][\/vc_column][\/vc_row][vc_row][vc_column][vc_column_text]RECHTLICHE HINWEISE<\/p>\n<p>Gem\u00e4\u00df den Bestimmungen der Artikel 10 und 11 im Gesetz 34\/2002 vom 11. Juli \u00fcber Dienstleistungen der Informationsgesellschaft und des elektronischen Gesch\u00e4ftsverkehrs werden hiermit den Benutzern und Besuchern die rechtlichen Hinweise bez\u00fcglich des Inhabers der Website mit der URL www.vespa-rentals.es zur Kenntnis gebracht.<\/p>\n<p>INHABER DER WEBSITE<\/p>\n<p>Bezeichnung der Gesellschaft: THE CONCIERGES, S.L.U.<\/p>\n<p>CIF (Steuernummer): B44559920<\/p>\n<p>Gesellschaftssitz: C\/ Mestre Nicolau 26, 07181 Palmanova, BALEARES<\/p>\n<p>E-Mail-Adresse: info@vespa-rental.es<\/p>\n<p>Telefon: +34 871973046<\/p>\n<p>Um auf dieser Website als Besucher zu surfen oder um sich zu registrieren und auf die von www.vespa-rentals.es angebotenen Dienste zuzugreifen, m\u00fcssen Sie Ihre Zustimmung zu den folgenden<\/p>\n<p>Dienstleistungs- und Nutzungsbedingungen f\u00fcr die Website erteilen:<\/p>\n<p>Der Benutzer und\/oder Kunde ist mit den vorliegenden allgemeinen Dienstleistungsbedingungen einverstanden.<br \/>\nWenn der Benutzer und\/oder der Kunde diesen Bedingungen nicht zustimmt, darf er diese Website nicht nutzen oder auf die von THE CONCIERGES, S.L.U. angebotenen Dienste zugreifen.<\/p>\n<p>KORREKTE NUTZUNG DER WEBSITE<br \/>\nDiese Nutzungsbedingungen regeln den Zugang und die Nutzung der Website www.vespa-rentals.es Durch die Nutzung dieser Website gelten Sie als Benutzer, sobald Sie die Website betreten und mit dem Surfen beginnen. Sobald der Benutzer auf beliebige Inhalte zugreift, stimmt er den vorliegenden allgemeinen Bedingungen ausdr\u00fccklich zu. Der Benutzer akzeptiert die geltenden besonderen Bedingungen, die f\u00fcr die verschiedenen, vom Unternehmen auf der von ihm besuchten Website angebotenen<br \/>\nDienste gelten.<\/p>\n<p>Anhand der Website erm\u00f6glicht THE CONCIERGES, S.L.U. den Benutzern den Zugriff und die Nutzung verschiedener Informationen und Dienste.<br \/>\nDer Nutzer verpflichtet sich, die Website gem\u00e4\u00df den gesetzlichen Bestimmungen und den<br \/>\nBestimmungen dieser Allgemeinen Gesch\u00e4ftsbedingungen zu nutzen.<\/p>\n<p>Im Allgemeinen ist f\u00fcr die Dienstleistungen und den Zugang zu den Informationen auf der Website keine vorherigen Anmeldung oder Registrierung durch die Nutzer erforderlich. THE CONCIERGES, S.L.U. macht jedoch die Nutzung einiger der auf der Website angebotenen Dienste davon abh\u00e4ngig, dass vorher eine entsprechende Anmeldung oder ein Formular zur Erhebung von personenbezogenen Daten des Benutzers ausgef\u00fcllt werden muss. Die genannte Registrierung erfolgt in der ausdr\u00fccklich genannten Form entweder im Leistungsangebot selbst oder in den gegebenenfalls geltenden Sonderbedingungen.<br \/>\nDer Benutzer verpflichtet sich, die Inhalte und Dienste der Website www.vespa-rentals.es auf angemessene Weise zu nutzen.<br \/>\nEr darf keine Informationen oder Materialien einf\u00fchren, speichern oder verbreiten, die gegen die Moral, die \u00f6ffentliche Ordnung, die Grundrechte, die \u00f6ffentlichen Freiheiten, die Ehre, die Privatsph\u00e4re oder die Bildrechte Dritter und im Allgemeinen gegen geltende Gesetze versto\u00dfen.<br \/>\nAlle Handlungen, welche die Website, ihre Inhalte oder ihre Dienste besch\u00e4digen, unbrauchbar machen, unzug\u00e4nglich machen oder besch\u00e4digen oder deren normale Nutzung durch andere Benutzer verhindern kann, sind ausdr\u00fccklich untersagt.<br \/>\nDer Nutzer verpflichtet sich ausdr\u00fccklich, die auf der Website vorhandenen personenbezogenen Daten, Programme oder elektronischen Dokumente nicht zu zerst\u00f6ren, zu ver\u00e4ndern, zu deaktivieren oder zu besch\u00e4digen.<br \/>\nDer Nutzer verpflichtet sich, keine Computerprogramme, Daten, Viren, Codes, Hardware- oder Telekommunikationsger\u00e4te oder andere Instrumente oder elektronische oder physische Ger\u00e4te einzuf\u00fchren, zu speichern oder zu verbreiten, welche die Website besch\u00e4digen k\u00f6nnten. Dies gilt f\u00fcr alle Dienste und f\u00fcr alle Ger\u00e4te, Systeme oder Netzwerke des Unternehmens, eines beliebigen anderen Benutzers, der Lieferanten oder im Allgemeinen eines beliebigen Drittanbieters, oder das auf irgendeine andere Weise in der Lage ist, irgendeine Art von Ver\u00e4nderung zu verursachen oder deren normalen Betrieb zu verhindern.<br \/>\nKeine Werbe- und Marketingt\u00e4tigkeiten oder zur kommerziellen Nutzung \u00fcber das Web durchzuf\u00fchren. Keine Inhalte und insbesondere keine Informationen zu verwenden, die \u00fcber die Website erhalten wurden, um Werbung oder Nachrichten mit personenbezogenen Daten von Dritten zu Versenden.<br \/>\nAlle Handlungen, welche die Zerst\u00f6rung, Ver\u00e4nderung, Eigennutzung, Deaktivierung oder Besch\u00e4digung von Daten, Informationen, Programmen oder elektronischen Dokumenten des Unternehmens, seiner Lieferanten oder Dritter beinhaltet, sind untersagt.<\/p>\n<p>Alle Handlungen, die eine Verletzung der geistigen und gewerblichen Eigentumsrechte oder Geheimhaltungsrechte Dritter zur Folge haben, sind untersagt, ebenso ist die Nutzung von Inhalten, deren Eigent\u00fcmer nicht der Benutzer ist, ausdr\u00fccklich verboten.<br \/>\nDem Benutzer ist es untersagt, im Zuge oder infolge der Nutzung der Website oder der Informationen und Dienste unerw\u00fcnschte E-Mails (\u201aSpam\u2018) zu kommerziellen oder anderen Zwecken unaufgefordert bzw. ohne deren vorherige Einwilligung an eine gro\u00dfe Anzahl Personen, noch andere Nachrichten beliebiger Art unaufgefordert bzw. ohne deren vorherige Einwilligung an eine gro\u00dfe Anzahl Personen zu verschicken. Es ist ferner untersagt, unverlangte oder nicht zuvor genehmigte elektronische Kettenbriefe zu senden oder<br \/>\nVerteilerlisten zu verwenden, die \u00fcber das Web zug\u00e4nglich sind.<\/p>\n<p>Das Unternehmen beh\u00e4lt sich das Recht vor, gegen die Personen, welche die eingegangenen Verpflichtungen verletzen, rechtliche Schritte einzuleiten.<\/p>\n<p>\u00c4NDERUNGEN<br \/>\nDas Unternehmen beh\u00e4lt sich das Recht vor, die vorliegenden Bedingungen jederzeit und ohne vorherige Ank\u00fcndigung einseitig zu \u00e4ndern. In diesen F\u00e4llen hat die Ver\u00f6ffentlichung und Bekanntgabe so bald wie m\u00f6glich zu erfolgen. Ebenso beh\u00e4lt es sich das Recht vor, jederzeit und ohne vorherige Ank\u00fcndigung die Darstellung und Konfiguration der Website einseitig zu \u00e4ndern.<\/p>\n<p>LINKS ZU DRITTANBIETERN<br \/>\nDieser Rechtshinweis bezieht sich ausschlie\u00dflich auf die Website und die Inhalte des Unternehmens und gilt nicht f\u00fcr Links oder Webseiten Dritter, die \u00fcber diese Website zug\u00e4nglich sind. Das Unternehmen ist weder f\u00fcr den Inhalt irgendeiner der Zielseiten eines Links noch f\u00fcr einen Link auf einer Webseite verantwortlich, auf die man von der Website des Unternehmens gelangt.<\/p>\n<p>GEISTIGE UND GEWERBLICHE EIGENTUMSRECHTE<br \/>\nAlle Inhalte der Website sind das alleinige Eigentum des Unternehmens, einschlie\u00dflich, aber nicht beschr\u00e4nkt auf grafisches Design, Quellcode, Logos, Texte, Grafiken, Illustrationen, Fotografien und alle sonstigen Elemente, die auf der Website erscheinen. Ebenso sind auf der Website enthaltene Markennamen, Warenzeichen oder Unterscheidungszeichen jeglicher Art durch das Gesetz \u00fcber geistiges und gewerbliches Eigentum gesch\u00fctzt. Die Aus\u00fcbung der Nutzungsrechte des genannten geistigen Eigentums in jeglicher Form ist ausschlie\u00dflich Sache des Unternehmens, insbesondere der Rechte auf Vervielf\u00e4ltigung, Verbreitung und \u00f6ffentliche Kommunikation. Dem Benutzer ist jegliche Nutzung ohne Genehmigung beliebiger Inhalte der Website, sei es ganz oder teilweise, untersagt, einschlie\u00dflich der geistigen Eigentums oder gewerblichen Eigentumsrechte des Unternehmens auf die Seite und\/oder deren Inhalte.<\/p>\n<p>Das Unternehmen beh\u00e4lt sich das Recht vor, rechtliche Schritte jeglicher Art gegen jeden Benutzer zu unternehmen, der Handlungen unternimmt, die eine Vervielf\u00e4ltigung, Verbreitung, Vermarktung, Umwandlung und im allgemeinen jede andere Form der gewerblichen Nutzung der Inhalte der Website, ganz oder teilweise, durch beliebige Verfahren darstellen, die gegen ihre geistigen und\/oder gewerblichen Eigentumsrechte versto\u00dfen.<\/p>\n<p>MITTEILUNGEN<br \/>\nIm Sinne dieser Allgemeinen Gesch\u00e4ftsbedingungen ist f\u00fcr alle Mitteilungen, die zwischen dem Unternehmen und dem Benutzer erforderlich werden, die E-Mail-Adresse info@vespa-rentals.es zu verwenden. Die Mitteilungen des Unternehmens an den Benutzer erfolgen entsprechend den personenbezogene Daten, die dieser bei seiner Anmeldung auf der Website www.vespa-rentals.es angegeben hat. Der Benutzer erteilt seine ausdr\u00fcckliche Zustimmung zur Verwendung von E-Mails als g\u00fcltiges \u00dcbermittlungsverfahren f\u00fcr solche Mitteilungen in der gesamten Kommunikation in Bezug auf die Nutzung der Website und\/oder die Bestellung der auf der Site angebotenen Dienste.<\/p>\n<p>ANWENDBARE GESETZGEBUNG UND GERICHTSSTAND<br \/>\nDie vorliegenden Bedingungen unterliegen den spanischen Gesetzen, die in Bezug auf alle in diesem Vertrag nicht geregelten Umst\u00e4nde hinsichtlich Auslegung, G\u00fcltigkeit und Ausf\u00fchrung anzuwenden sind. Die Parteien verzichten ausdr\u00fccklich auf einen ihnen m\u00f6glicherweise zustehenden Gerichtsstand und unterwerfen sich ausdr\u00fccklich den Gerichten von Palma de Mallorca, um Streitigkeiten zu l\u00f6sen, die sich aus der Auslegung oder Durchf\u00fchrung dieser Vertragsbedingungen ergeben.[\/vc_column_text][\/vc_column][\/vc_row]\n<\/section>","protected":false},"excerpt":{"rendered":"<p>[vc_row][vc_column][vc_column_text][\/vc_column_text][\/vc_column][\/vc_row][vc_row][vc_column][vc_column_text]RECHTLICHE HINWEISE Gem\u00e4\u00df den Bestimmungen der Artikel 10 und 11 im Gesetz 34\/2002 vom 11. Juli \u00fcber Dienstleistungen der Informationsgesellschaft und des elektronischen Gesch\u00e4ftsverkehrs werden hiermit den Benutzern und Besuchern die rechtlichen Hinweise bez\u00fcglich des Inhabers der Website mit der URL www.vespa-rentals.es zur Kenntnis gebracht. INHABER DER WEBSITE Bezeichnung der Gesellschaft: THE CONCIERGES, S.L.U. CIF (Steuernummer): B44559920 Gesellschaftssitz: C\/ Mestre Nicolau 26, 07181 Palmanova, BALEARES E-Mail-Adresse: info@vespa-rental.es Telefon: +34 871973046 Um auf dieser Website als Besucher zu surfen oder um sich zu registrieren und auf die von www.vespa-rentals.es angebotenen Dienste zuzugreifen, m\u00fcssen Sie Ihre Zustimmung zu den folgenden Dienstleistungs- und Nutzungsbedingungen f\u00fcr die Website erteilen: Der Benutzer und\/oder Kunde ist mit den vorliegenden allgemeinen Dienstleistungsbedingungen einverstanden. Wenn der Benutzer und\/oder der Kunde diesen Bedingungen nicht zustimmt, darf er diese Website nicht nutzen oder auf die von THE CONCIERGES, S.L.U. angebotenen Dienste zugreifen. KORREKTE NUTZUNG DER WEBSITE Diese Nutzungsbedingungen regeln den Zugang und die Nutzung der Website www.vespa-rentals.es Durch die Nutzung dieser Website gelten Sie als Benutzer, sobald Sie die Website betreten und mit dem Surfen beginnen. Sobald der Benutzer auf beliebige Inhalte zugreift, stimmt er den vorliegenden allgemeinen Bedingungen ausdr\u00fccklich zu. Der Benutzer akzeptiert die geltenden besonderen Bedingungen, die f\u00fcr die verschiedenen, vom Unternehmen auf der von ihm besuchten Website angebotenen Dienste gelten. Anhand der Website erm\u00f6glicht THE CONCIERGES, S.L.U. den Benutzern den Zugriff und die Nutzung verschiedener Informationen und Dienste. Der Nutzer verpflichtet sich, die Website gem\u00e4\u00df den gesetzlichen Bestimmungen und den Bestimmungen dieser Allgemeinen Gesch\u00e4ftsbedingungen zu nutzen. Im Allgemeinen ist f\u00fcr die Dienstleistungen und den Zugang zu den Informationen auf der Website keine vorherigen Anmeldung oder Registrierung durch die Nutzer erforderlich. THE CONCIERGES, S.L.U. macht jedoch die Nutzung einiger der auf der Website angebotenen Dienste davon abh\u00e4ngig, dass vorher eine entsprechende Anmeldung oder ein Formular zur Erhebung von personenbezogenen Daten des Benutzers ausgef\u00fcllt werden muss. Die genannte Registrierung erfolgt in der ausdr\u00fccklich genannten Form entweder im Leistungsangebot selbst oder in den gegebenenfalls geltenden Sonderbedingungen. Der Benutzer verpflichtet sich, die Inhalte und Dienste der Website www.vespa-rentals.es auf angemessene Weise zu nutzen. Er darf keine Informationen oder Materialien einf\u00fchren, speichern oder verbreiten, die gegen die Moral, die \u00f6ffentliche Ordnung, die Grundrechte, die \u00f6ffentlichen Freiheiten, die Ehre, die Privatsph\u00e4re oder die Bildrechte Dritter und im Allgemeinen gegen geltende Gesetze versto\u00dfen. Alle Handlungen, welche die Website, ihre Inhalte oder ihre Dienste besch\u00e4digen, unbrauchbar machen, unzug\u00e4nglich machen oder besch\u00e4digen oder deren normale Nutzung durch andere Benutzer verhindern kann, sind ausdr\u00fccklich untersagt. Der Nutzer verpflichtet sich ausdr\u00fccklich, die auf der Website vorhandenen personenbezogenen Daten, Programme oder elektronischen Dokumente nicht zu zerst\u00f6ren, zu ver\u00e4ndern, zu deaktivieren oder zu besch\u00e4digen. Der Nutzer verpflichtet sich, keine Computerprogramme, Daten, Viren, Codes, Hardware- oder Telekommunikationsger\u00e4te oder andere Instrumente oder elektronische oder physische Ger\u00e4te einzuf\u00fchren, zu speichern oder zu verbreiten, welche die Website besch\u00e4digen k\u00f6nnten. Dies gilt f\u00fcr alle Dienste und f\u00fcr alle Ger\u00e4te, Systeme oder Netzwerke des Unternehmens, eines beliebigen anderen Benutzers, der Lieferanten oder im Allgemeinen eines beliebigen Drittanbieters, oder das auf irgendeine andere Weise in der Lage ist, irgendeine Art von Ver\u00e4nderung zu verursachen oder deren normalen Betrieb zu verhindern. Keine Werbe- und Marketingt\u00e4tigkeiten oder zur kommerziellen Nutzung \u00fcber das Web durchzuf\u00fchren. Keine Inhalte und insbesondere keine Informationen zu verwenden, die \u00fcber die Website erhalten wurden, um Werbung oder Nachrichten mit personenbezogenen Daten von Dritten zu Versenden. Alle Handlungen, welche die Zerst\u00f6rung, Ver\u00e4nderung, Eigennutzung, Deaktivierung oder Besch\u00e4digung von Daten, Informationen, Programmen oder elektronischen Dokumenten des Unternehmens, seiner Lieferanten oder Dritter beinhaltet, sind untersagt. Alle Handlungen, die eine Verletzung der geistigen und gewerblichen Eigentumsrechte oder Geheimhaltungsrechte Dritter zur Folge haben, sind untersagt, ebenso ist die Nutzung von Inhalten, deren Eigent\u00fcmer nicht der Benutzer ist, ausdr\u00fccklich verboten. Dem Benutzer ist es untersagt, im Zuge oder infolge der Nutzung der Website oder der Informationen und Dienste unerw\u00fcnschte E-Mails (\u201aSpam\u2018) zu kommerziellen oder anderen Zwecken unaufgefordert bzw. ohne deren vorherige Einwilligung an eine gro\u00dfe Anzahl Personen, noch andere Nachrichten beliebiger Art unaufgefordert bzw. ohne deren vorherige Einwilligung an eine gro\u00dfe Anzahl Personen zu verschicken. Es ist ferner untersagt, unverlangte oder nicht zuvor genehmigte elektronische Kettenbriefe zu senden oder Verteilerlisten zu verwenden, die \u00fcber das Web zug\u00e4nglich sind. Das Unternehmen beh\u00e4lt sich das Recht vor, gegen die Personen, welche die eingegangenen Verpflichtungen verletzen, rechtliche Schritte einzuleiten. \u00c4NDERUNGEN Das Unternehmen beh\u00e4lt sich das Recht vor, die vorliegenden Bedingungen jederzeit und ohne vorherige Ank\u00fcndigung einseitig zu \u00e4ndern. In diesen F\u00e4llen hat die Ver\u00f6ffentlichung und Bekanntgabe so bald wie m\u00f6glich zu erfolgen. Ebenso beh\u00e4lt es sich das Recht vor, jederzeit und ohne vorherige Ank\u00fcndigung die Darstellung und Konfiguration der Website einseitig zu \u00e4ndern. LINKS ZU DRITTANBIETERN Dieser Rechtshinweis bezieht sich ausschlie\u00dflich auf die Website und die Inhalte des Unternehmens und gilt nicht f\u00fcr Links oder Webseiten Dritter, die \u00fcber diese Website zug\u00e4nglich sind. Das Unternehmen ist weder f\u00fcr den Inhalt irgendeiner der Zielseiten eines Links noch f\u00fcr einen Link auf einer Webseite verantwortlich, auf die man von der Website des Unternehmens gelangt. GEISTIGE UND GEWERBLICHE EIGENTUMSRECHTE Alle Inhalte der Website sind das alleinige Eigentum des Unternehmens, einschlie\u00dflich, aber nicht beschr\u00e4nkt auf grafisches Design, Quellcode, Logos, Texte, Grafiken, Illustrationen, Fotografien und alle sonstigen Elemente, die auf der Website erscheinen. Ebenso sind auf der Website enthaltene Markennamen, Warenzeichen oder Unterscheidungszeichen jeglicher Art durch das Gesetz \u00fcber geistiges und gewerbliches Eigentum gesch\u00fctzt. Die Aus\u00fcbung der Nutzungsrechte des genannten geistigen Eigentums in jeglicher Form ist ausschlie\u00dflich Sache des Unternehmens, insbesondere der Rechte auf Vervielf\u00e4ltigung, Verbreitung und \u00f6ffentliche Kommunikation. Dem Benutzer ist jegliche Nutzung ohne Genehmigung beliebiger Inhalte der Website, sei es ganz oder teilweise, untersagt, einschlie\u00dflich der geistigen Eigentums oder gewerblichen Eigentumsrechte des Unternehmens auf die Seite und\/oder deren Inhalte. Das Unternehmen beh\u00e4lt sich das Recht vor, rechtliche Schritte jeglicher Art gegen jeden Benutzer zu unternehmen, der Handlungen unternimmt, die eine Vervielf\u00e4ltigung, Verbreitung, Vermarktung, Umwandlung und im allgemeinen jede andere Form der gewerblichen Nutzung der Inhalte der Website, ganz oder teilweise, durch beliebige Verfahren darstellen, die gegen ihre geistigen und\/oder gewerblichen Eigentumsrechte versto\u00dfen. MITTEILUNGEN Im Sinne dieser Allgemeinen Gesch\u00e4ftsbedingungen ist f\u00fcr alle Mitteilungen, die zwischen dem Unternehmen und dem Benutzer erforderlich werden, die E-Mail-Adresse info@vespa-rentals.es zu verwenden. Die Mitteilungen des Unternehmens an den Benutzer erfolgen entsprechend den personenbezogene Daten, die dieser bei seiner Anmeldung auf der Website www.vespa-rentals.es angegeben hat. Der Benutzer erteilt seine ausdr\u00fcckliche Zustimmung zur Verwendung von E-Mails als g\u00fcltiges \u00dcbermittlungsverfahren f\u00fcr solche Mitteilungen in der gesamten Kommunikation in Bezug auf die Nutzung der Website und\/oder die Bestellung der auf der Site angebotenen Dienste. ANWENDBARE GESETZGEBUNG UND GERICHTSSTAND Die vorliegenden Bedingungen unterliegen den spanischen Gesetzen, die in Bezug auf alle in diesem Vertrag nicht geregelten Umst\u00e4nde hinsichtlich Auslegung, G\u00fcltigkeit und Ausf\u00fchrung anzuwenden sind. Die Parteien verzichten ausdr\u00fccklich auf einen ihnen m\u00f6glicherweise zustehenden Gerichtsstand und unterwerfen sich ausdr\u00fccklich den Gerichten von Palma de Mallorca, um Streitigkeiten zu l\u00f6sen, die sich aus der Auslegung oder Durchf\u00fchrung dieser Vertragsbedingungen ergeben.[\/vc_column_text][\/vc_column][\/vc_row]<\/p>\n","protected":false},"author":1,"featured_media":0,"parent":0,"menu_order":0,"comment_status":"closed","ping_status":"closed","template":"","meta":{"footnotes":""},"class_list":["post-1601","page","type-page","status-publish","hentry"],"jetpack_sharing_enabled":true,"_links":{"self":[{"href":"https:\/\/vespa-rental.es\/de\/wp-json\/wp\/v2\/pages\/1601","targetHints":{"allow":["GET"]}}],"collection":[{"href":"https:\/\/vespa-rental.es\/de\/wp-json\/wp\/v2\/pages"}],"about":[{"href":"https:\/\/vespa-rental.es\/de\/wp-json\/wp\/v2\/types\/page"}],"author":[{"embeddable":true,"href":"https:\/\/vespa-rental.es\/de\/wp-json\/wp\/v2\/users\/1"}],"replies":[{"embeddable":true,"href":"https:\/\/vespa-rental.es\/de\/wp-json\/wp\/v2\/comments?post=1601"}],"version-history":[{"count":7,"href":"https:\/\/vespa-rental.es\/de\/wp-json\/wp\/v2\/pages\/1601\/revisions"}],"predecessor-version":[{"id":1743,"href":"https:\/\/vespa-rental.es\/de\/wp-json\/wp\/v2\/pages\/1601\/revisions\/1743"}],"wp:attachment":[{"href":"https:\/\/vespa-rental.es\/de\/wp-json\/wp\/v2\/media?parent=1601"}],"curies":[{"name":"wp","href":"https:\/\/api.w.org\/{rel}","templated":true}]}}