{"id":1448,"date":"2023-03-17T17:30:15","date_gmt":"2023-03-17T16:30:15","guid":{"rendered":"https:\/\/vespa-rental.es\/?page_id=1448"},"modified":"2023-05-17T08:06:57","modified_gmt":"2023-05-17T06:06:57","slug":"datenschutz","status":"publish","type":"page","link":"https:\/\/vespa-rental.es\/de\/datenschutz\/","title":{"rendered":"Datenschutz"},"content":{"rendered":"<section class=\"wpb-content-wrapper\">[vc_row][vc_column][vc_column_text][\/vc_column_text][vc_column_text]1.1 Gem\u00e4\u00df den Bestimmungen der Datenschutz-Grundverordnung (DSGVO, EG 679\/2016 und dem (spanischen) Staatsgrundgesetz 3\/2018 vom 5. Dezember, \u00fcber Schutz personenbezogener Daten und Gew\u00e4hrleistung digitaler Rechte, stellen wir die folgenden Informationen zur Verarbeitung Ihrer pers\u00f6nlichen Daten zur Verf\u00fcgung: VERANTWORTLICHER: THE CONCIERGES, S.L.U.. Steueridentnummer (NIF\/CIF): B44559920. Mit Anschrift: Carrer Mestre Nicolau 26, 07181 Palmanova, Illes Baleares. Telefon:+34 871 973046, E-mail: info@vespa-rentals.es.<\/p>\n<p>Bei THE CONCIERGES, S.L.U. verarbeiten wir die Daten, die Sie uns zur Verf\u00fcgung stellen, um die Dienstleistungen zu erbringen und\/oder die von Ihnen \u00fcber unsere Website bestellten Produkte zu verkaufen. Dar\u00fcber hinaus verwalten wir den Versand von Informationen und kommerzieller Prospektion. Um Ihnen unsere Dienstleistungen entsprechend Ihren Interessen anbieten zu k\u00f6nnen, erstellen wir auf der Grundlage der bereitgestellten Informationen ein K\u00e4uferprofil. Es werden keine automatisierten Entscheidungen basierend auf diesem Profil getroffen. Die bereitgestellten personenbezogenen Daten werden f\u00fcr einen Zeitraum von 5 Jahren ab dem letzten Vertragsabschluss und\/oder von Ihnen get\u00e4tigten Kauf gespeichert, bzw. w\u00e4hrend die Gesch\u00e4ftsbeziehung besteht und keine L\u00f6schung verlangt wird. In jedem Fall werden Ihre personenbezogenen Daten so lange gespeichert, wie es f\u00fcr den angegebenen Zweck n\u00fctzlich ist, auf jeden Fall f\u00fcr die Dauer der gesetzlichen Fristen und f\u00fcr die erforderliche Zeit, um m\u00f6gliche Haftungsanspr\u00fcche aus der Verarbeitung zu ber\u00fccksichtigen.<br \/>\nGESETZLICHE BERECHTIGUNG: Grundlage f\u00fcr die Verarbeitung Ihrer personenbezogenen Daten ist die Erf\u00fcllung eines Vertrags, in dem die betroffene Person Vertragspartner ist, oder die Anwendung auf Ersuchen desselben von vorvertraglichen Ma\u00dfnahmen. In jedem Fall haben Sie Ihre Einwilligung zur Verarbeitung Ihrer personenbezogenen Daten zu einem oder mehreren spezifischen Zweck\/en erteilt, im Einklang mit den Bestimmungen in der DSGVO EG 679\/2006 (ART. 6.1. A. B) und dem (spanischen) Staatsgrundgesetz 3\/2018 vom 5. Dezember (LOPDPGDD). Der Versand von kommerziellen Angeboten \u00fcber Fernabsatz unterliegt den Bestimmungen im Dienstleistungsgesetz der Informationsgesellschaft 34\/2002, Artikel 20 und 21. Das Prospektionsangebot von Produkten und Dienstleistungen basiert auf der erteilten Einwilligung, wobei die R\u00fccknahme dieser Einwilligung keinesfalls den Kaufvertrag \u00fcber das Produkt und\/oder die Erbringung der Dienstleistung bedingt. Es besteht die Pflicht zur Abgabe der personenbezogenen Daten, andernfalls kann die Dienstleistung nicht erbracht und\/oder das Produkt nicht verkauft und\/oder das bestellte Angebot nicht abgegeben und der Versand von kommerziellen Informationen nicht organisiert werden.<br \/>\nEMPF\u00c4NGER: Die Daten werden nicht an Dritte au\u00dferhalb des Unternehmens weitergegeben, au\u00dfer wenn eine gesetzliche Verpflichtung besteht. Wir weisen Sie jedoch darauf hin, dass Drittanbieter in ihrer Eigenschaft als Verantwortliche f\u00fcr Datenverarbeitung im Rahmen der Dienstleistungserbringung Zugriff Ihre personenbezogenen Daten haben k\u00f6nnen. Dar\u00fcber hinaus kann das Unternehmen in den F\u00e4llen, in denen eine gesetzliche Verpflichtung besteht, personenbezogene Daten abtreten oder weitergeben, um seinen gesetzlichen Verpflichtungen gegen\u00fcber den \u00f6ffentlichen Verwaltungen nachzukommen. Wir setzen Sie dar\u00fcber in Kenntnis, dass Ihre Daten in DROPBOX , der Firma Dropbox, Inc., San Francisco, California, USA. zugeh\u00f6rig, in \u00dcbereinstimmung mit dem Abkommen EU-U.S. Privacy Shield f\u00fcr die Verwahrung Ihrer personenbezogenen Daten gespeichert werden k\u00f6nnen. Entscheidungen \u00fcber Angemessenheit, Garantien, verbindliche Unternehmensregeln oder spezifische anwendbare Situationen werden nicht getroffen.<br \/>\nRECHTE: Interessierte Personen haben das Recht auf Zugang zu ihren personenbezogenen Daten zu erhalten sowie die Berichtigung unrichtiger Daten oder gegebenenfalls die L\u00f6schung zu verlangen, wenn die Daten f\u00fcr den Zweck, f\u00fcr den sie erhoben wurden, nicht mehr ben\u00f6tigt werden. Unter bestimmten Umst\u00e4nden k\u00f6nnen interessierte Personen die eingeschr\u00e4nkte Verarbeitung ihrer Daten beantragen. In diesem Fall behalten wir sie nur f\u00fcr die Erhebung von oder Verteidigung gegen Anspr\u00fcche. Ebenso k\u00f6nnen die interessierten Parteien aus Gr\u00fcnden im Zusammenhang mit ihrer besonderen Situation der Verarbeitung ihrer Daten widersprechen. In diesem Fall werden ihre personenbezogenen Daten nicht mehr zu den Zwecken verarbeitet, f\u00fcr die sie Widerspruch eingelegt haben. Sofern technisch m\u00f6glich, kann die interessierte Person die \u00dcbertragbarkeit ihrer Daten einem anderen Verantwortliche f\u00fcr Datenverarbeitung beantragen. Um diese Rechte geltend zu machen, k\u00f6nnen sich interessierte Personen gem\u00e4\u00df den geltenden Gesetzen mit einem Schreiben per Post an THE CONCIERGES, S.L.U., C\/ Mestre Nicolau 26, 07181 Palmanova, oder an die E-Mail-Adresse info@vespa-rentals.es wenden. In beiden F\u00e4llen ist eine Kopie des Personalausweises (DNI) beizuf\u00fcgen. Sie haben das Recht, eine Beschwerde bei der Kontrollbeh\u00f6rde einzureichen: Spanische Agentur f\u00fcr Datenschutz (Agencia Espa\u00f1ola de Protecci\u00f3n Datos, www.agpd.es). Herkunft der personenbezogenen Daten: der Interessierte selbst.<\/p>\n<p>1.2. Der Kunde stimmt der Aufnahme der personenbezogenen Daten, die w\u00e4hrend des Surfens auf der Website erhoben oder die durch Ausf\u00fcllen eines Formulars gegeben werden, sowie von Daten, die aus einer m\u00f6glichen Gesch\u00e4ftsbeziehung stammen, in die im ersten Absatz genannten automatisierten Datenbanken ausdr\u00fccklich zu. Der Kunde wird w\u00e4hrend des Datenerfassungsvorgangs an jeder Stelle auf der Website, an der personenbezogene Daten erfragt werden, entweder \u00fcber einen Hyperlink oder durch entsprechende Erw\u00e4hnung im Formular selbst dar\u00fcber informiert, ob die erfragten personenbezogenen Daten Pflichtangaben sind oder nicht. Wir verlangen von jedem Kunden, der sich f\u00fcr die Anmeldung auf der Website unseres Unternehmens entscheidet, die Angabe der erforderlichen personenbezogenen Daten f\u00fcr die bestellte Dienstleistung, bei der es sich ausschlie\u00dflich um die auf der Website angebotenen Dienste und\/oder Verkauf von Produkten handelt.<\/p>\n<p>1.3. Der Kunde\/Benutzer kann in Bezug auf die erhobenen Daten in der im vorherigen Kapitel genannten Weise die ihm zustehenden Rechte gem\u00e4\u00df den Artikeln 15 bis 21 der Verordnung (EU) 2016\/679 aus\u00fcben, insbesondere das Recht auf Zugang, Berichtigung, L\u00f6schung, eingeschr\u00e4nkte Verarbeitung, \u00dcbertragbarkeit der Daten, Widerspruch und automatisierte individuelle Entscheidungen, soweit diese relevant sind. Die im vorstehenden Absatz genannten Rechte k\u00f6nnen von jedem Kunden anhand eines Formulars zur Aus\u00fcbung von Rechten wahrgenommen werden, die per E-Mail bei uns angefordert werden k\u00f6nnen. Die schriftliche und unterschriebene Anfrage kann per Post an folgende Anschrift gesendet werden: THE CONCIERGES SLU, C\/ Mestre Nicolau 26, 07181 Palmanova, wobei in beiden F\u00e4llen eine Fotokopie des Personalausweises des Kunden beizulegen ist.<\/p>\n<p>1.4. THE CONCIERGES, S.L.U. teilt mit, wenn sich ein KUNDE auf der Website registrieren m\u00f6chte, eine Reihe von personenbezogenen Daten gefordert werden, deren Angabe obligatorisch ist. Wenn diese personenbezogenen Angaben nicht gemacht\/ausgef\u00fcllt werden, kann keine Registrierung auf der Website von THE CONCIERGES, S.L.U. erfolgen. Alle Benutzer\/Kunden sind verpflichtet, daf\u00fcr zu sorgen, dass die gemachten Angaben korrekt und auf dem neuesten Stand sind. In den Registrierungsformularen, mit denen personenbezogene Daten erhoben werden, sind die verschiedenen Felder gekennzeichnet, die f\u00fcr die entsprechende Registrierung ausgef\u00fcllt werden m\u00fcssen.<\/p>\n<p>1.5. Der Hauptzweck der automatisierten Verarbeitung von personenbezogenen Daten, die infolge der Bestellung, Verwendung, Vertragsabschlusses \u00fcber ein Produkt oder eine Dienstleistung oder irgendeine Transaktion oder eines Vorgangs, \u00fcber diese Website erfasst werden, ist die Aufrechterhaltung der Vertragsbeziehung mit dem Inhaber der Website.<\/p>\n<p>1.6. Sie erteilen Ihre Genehmigung f\u00fcr den Versand von Werbung f\u00fcr unsere Dienstleistungen und Produkte. Ihre personenbezogenen Daten k\u00f6nnen verwendet werden, um den Versand von Werbung auf herk\u00f6mmliche oder elektronische Weise zu verwalten. Die E-Mail-Adressen und die personenbezogenen Daten, die Sie uns \u00fcber das Kontaktformular auf der Website zur Verf\u00fcgung stellen, werden ausschlie\u00dflich zur Beantwortung Ihrer auf diesem Weg gestellten Fragen verwendet. So besagen es die Bestimmungen der Artikel 22.1 und 22.2 im Gesetz 34\/2002 vom 11. Juli \u00fcber Dienstleistungen der Informationsgesellschaft und des elektronischen Gesch\u00e4ftsverkehrs, in ihrer ge\u00e4nderten Fassung gem\u00e4\u00df Art. 4 des K\u00f6niglichen Gesetzesdekrets 13\/2012 \u00fcber die Nutzung und Verarbeitung Ihrer personenbezogenen Daten mit dem Zweck, den Versand von Werbung zu verwalten.<\/p>\n<p>1.7. Das Unternehmen garantiert die Vertraulichkeit der personenbezogenen Daten der Benutzer. Unbeschadet dessen werden die Gesellschaft und\/oder das Unternehmen den zust\u00e4ndigen Beh\u00f6rden die personenbezogenen Daten und andere Informationen bekannt geben, die sich in ihrem Besitz befinden oder \u00fcber ihre Systeme zug\u00e4nglich sind, die gem\u00e4\u00df den im jeweiligen Fall geltenden gesetzlichen Bestimmungen und Vorschriften verlangt werden. Die personenbezogenen Daten k\u00f6nnen in den Dateien, deren Inhaber die THE CONCIERGES, S.L. U. ist, auch nach Beendigung der \u00fcber die Website des Unternehmens entstandenen Gesch\u00e4ftsbeziehung, ausschlie\u00dflich f\u00fcr die oben genannten Zwecke und in jedem Fall w\u00e4hrend der gesetzlich festgelegten Fristen gespeichert werden und stehen den Verwaltungs- oder Justizbeh\u00f6rden zur Verf\u00fcgung.[\/vc_column_text][\/vc_column][\/vc_row]\n<\/section>","protected":false},"excerpt":{"rendered":"<p>[vc_row][vc_column][vc_column_text][\/vc_column_text][vc_column_text]1.1 Gem\u00e4\u00df den Bestimmungen der Datenschutz-Grundverordnung (DSGVO, EG 679\/2016 und dem (spanischen) Staatsgrundgesetz 3\/2018 vom 5. Dezember, \u00fcber Schutz personenbezogener Daten und Gew\u00e4hrleistung digitaler Rechte, stellen wir die folgenden Informationen zur Verarbeitung Ihrer pers\u00f6nlichen Daten zur Verf\u00fcgung: VERANTWORTLICHER: THE CONCIERGES, S.L.U.. Steueridentnummer (NIF\/CIF): B44559920. Mit Anschrift: Carrer Mestre Nicolau 26, 07181 Palmanova, Illes Baleares. Telefon:+34 871 973046, E-mail: info@vespa-rentals.es. Bei THE CONCIERGES, S.L.U. verarbeiten wir die Daten, die Sie uns zur Verf\u00fcgung stellen, um die Dienstleistungen zu erbringen und\/oder die von Ihnen \u00fcber unsere Website bestellten Produkte zu verkaufen. Dar\u00fcber hinaus verwalten wir den Versand von Informationen und kommerzieller Prospektion. Um Ihnen unsere Dienstleistungen entsprechend Ihren Interessen anbieten zu k\u00f6nnen, erstellen wir auf der Grundlage der bereitgestellten Informationen ein K\u00e4uferprofil. Es werden keine automatisierten Entscheidungen basierend auf diesem Profil getroffen. Die bereitgestellten personenbezogenen Daten werden f\u00fcr einen Zeitraum von 5 Jahren ab dem letzten Vertragsabschluss und\/oder von Ihnen get\u00e4tigten Kauf gespeichert, bzw. w\u00e4hrend die Gesch\u00e4ftsbeziehung besteht und keine L\u00f6schung verlangt wird. In jedem Fall werden Ihre personenbezogenen Daten so lange gespeichert, wie es f\u00fcr den angegebenen Zweck n\u00fctzlich ist, auf jeden Fall f\u00fcr die Dauer der gesetzlichen Fristen und f\u00fcr die erforderliche Zeit, um m\u00f6gliche Haftungsanspr\u00fcche aus der Verarbeitung zu ber\u00fccksichtigen. GESETZLICHE BERECHTIGUNG: Grundlage f\u00fcr die Verarbeitung Ihrer personenbezogenen Daten ist die Erf\u00fcllung eines Vertrags, in dem die betroffene Person Vertragspartner ist, oder die Anwendung auf Ersuchen desselben von vorvertraglichen Ma\u00dfnahmen. In jedem Fall haben Sie Ihre Einwilligung zur Verarbeitung Ihrer personenbezogenen Daten zu einem oder mehreren spezifischen Zweck\/en erteilt, im Einklang mit den Bestimmungen in der DSGVO EG 679\/2006 (ART. 6.1. A. B) und dem (spanischen) Staatsgrundgesetz 3\/2018 vom 5. Dezember (LOPDPGDD). Der Versand von kommerziellen Angeboten \u00fcber Fernabsatz unterliegt den Bestimmungen im Dienstleistungsgesetz der Informationsgesellschaft 34\/2002, Artikel 20 und 21. Das Prospektionsangebot von Produkten und Dienstleistungen basiert auf der erteilten Einwilligung, wobei die R\u00fccknahme dieser Einwilligung keinesfalls den Kaufvertrag \u00fcber das Produkt und\/oder die Erbringung der Dienstleistung bedingt. Es besteht die Pflicht zur Abgabe der personenbezogenen Daten, andernfalls kann die Dienstleistung nicht erbracht und\/oder das Produkt nicht verkauft und\/oder das bestellte Angebot nicht abgegeben und der Versand von kommerziellen Informationen nicht organisiert werden. EMPF\u00c4NGER: Die Daten werden nicht an Dritte au\u00dferhalb des Unternehmens weitergegeben, au\u00dfer wenn eine gesetzliche Verpflichtung besteht. Wir weisen Sie jedoch darauf hin, dass Drittanbieter in ihrer Eigenschaft als Verantwortliche f\u00fcr Datenverarbeitung im Rahmen der Dienstleistungserbringung Zugriff Ihre personenbezogenen Daten haben k\u00f6nnen. Dar\u00fcber hinaus kann das Unternehmen in den F\u00e4llen, in denen eine gesetzliche Verpflichtung besteht, personenbezogene Daten abtreten oder weitergeben, um seinen gesetzlichen Verpflichtungen gegen\u00fcber den \u00f6ffentlichen Verwaltungen nachzukommen. Wir setzen Sie dar\u00fcber in Kenntnis, dass Ihre Daten in DROPBOX , der Firma Dropbox, Inc., San Francisco, California, USA. zugeh\u00f6rig, in \u00dcbereinstimmung mit dem Abkommen EU-U.S. Privacy Shield f\u00fcr die Verwahrung Ihrer personenbezogenen Daten gespeichert werden k\u00f6nnen. Entscheidungen \u00fcber Angemessenheit, Garantien, verbindliche Unternehmensregeln oder spezifische anwendbare Situationen werden nicht getroffen. RECHTE: Interessierte Personen haben das Recht auf Zugang zu ihren personenbezogenen Daten zu erhalten sowie die Berichtigung unrichtiger Daten oder gegebenenfalls die L\u00f6schung zu verlangen, wenn die Daten f\u00fcr den Zweck, f\u00fcr den sie erhoben wurden, nicht mehr ben\u00f6tigt werden. Unter bestimmten Umst\u00e4nden k\u00f6nnen interessierte Personen die eingeschr\u00e4nkte Verarbeitung ihrer Daten beantragen. In diesem Fall behalten wir sie nur f\u00fcr die Erhebung von oder Verteidigung gegen Anspr\u00fcche. Ebenso k\u00f6nnen die interessierten Parteien aus Gr\u00fcnden im Zusammenhang mit ihrer besonderen Situation der Verarbeitung ihrer Daten widersprechen. In diesem Fall werden ihre personenbezogenen Daten nicht mehr zu den Zwecken verarbeitet, f\u00fcr die sie Widerspruch eingelegt haben. Sofern technisch m\u00f6glich, kann die interessierte Person die \u00dcbertragbarkeit ihrer Daten einem anderen Verantwortliche f\u00fcr Datenverarbeitung beantragen. Um diese Rechte geltend zu machen, k\u00f6nnen sich interessierte Personen gem\u00e4\u00df den geltenden Gesetzen mit einem Schreiben per Post an THE CONCIERGES, S.L.U., C\/ Mestre Nicolau 26, 07181 Palmanova, oder an die E-Mail-Adresse info@vespa-rentals.es wenden. In beiden F\u00e4llen ist eine Kopie des Personalausweises (DNI) beizuf\u00fcgen. Sie haben das Recht, eine Beschwerde bei der Kontrollbeh\u00f6rde einzureichen: Spanische Agentur f\u00fcr Datenschutz (Agencia Espa\u00f1ola de Protecci\u00f3n Datos, www.agpd.es). Herkunft der personenbezogenen Daten: der Interessierte selbst. 1.2. Der Kunde stimmt der Aufnahme der personenbezogenen Daten, die w\u00e4hrend des Surfens auf der Website erhoben oder die durch Ausf\u00fcllen eines Formulars gegeben werden, sowie von Daten, die aus einer m\u00f6glichen Gesch\u00e4ftsbeziehung stammen, in die im ersten Absatz genannten automatisierten Datenbanken ausdr\u00fccklich zu. Der Kunde wird w\u00e4hrend des Datenerfassungsvorgangs an jeder Stelle auf der Website, an der personenbezogene Daten erfragt werden, entweder \u00fcber einen Hyperlink oder durch entsprechende Erw\u00e4hnung im Formular selbst dar\u00fcber informiert, ob die erfragten personenbezogenen Daten Pflichtangaben sind oder nicht. Wir verlangen von jedem Kunden, der sich f\u00fcr die Anmeldung auf der Website unseres Unternehmens entscheidet, die Angabe der erforderlichen personenbezogenen Daten f\u00fcr die bestellte Dienstleistung, bei der es sich ausschlie\u00dflich um die auf der Website angebotenen Dienste und\/oder Verkauf von Produkten handelt. 1.3. Der Kunde\/Benutzer kann in Bezug auf die erhobenen Daten in der im vorherigen Kapitel genannten Weise die ihm zustehenden Rechte gem\u00e4\u00df den Artikeln 15 bis 21 der Verordnung (EU) 2016\/679 aus\u00fcben, insbesondere das Recht auf Zugang, Berichtigung, L\u00f6schung, eingeschr\u00e4nkte Verarbeitung, \u00dcbertragbarkeit der Daten, Widerspruch und automatisierte individuelle Entscheidungen, soweit diese relevant sind. Die im vorstehenden Absatz genannten Rechte k\u00f6nnen von jedem Kunden anhand eines Formulars zur Aus\u00fcbung von Rechten wahrgenommen werden, die per E-Mail bei uns angefordert werden k\u00f6nnen. Die schriftliche und unterschriebene Anfrage kann per Post an folgende Anschrift gesendet werden: THE CONCIERGES SLU, C\/ Mestre Nicolau 26, 07181 Palmanova, wobei in beiden F\u00e4llen eine Fotokopie des Personalausweises des Kunden beizulegen ist. 1.4. THE CONCIERGES, S.L.U. teilt mit, wenn sich ein KUNDE auf der Website registrieren m\u00f6chte, eine Reihe von personenbezogenen Daten gefordert werden, deren Angabe obligatorisch ist. Wenn diese personenbezogenen Angaben nicht gemacht\/ausgef\u00fcllt werden, kann keine Registrierung auf der Website von THE CONCIERGES, S.L.U. erfolgen. Alle Benutzer\/Kunden sind verpflichtet, daf\u00fcr zu sorgen, dass die gemachten Angaben korrekt und auf dem neuesten Stand sind. In den Registrierungsformularen, mit denen personenbezogene Daten erhoben werden, sind die verschiedenen Felder gekennzeichnet, die f\u00fcr die entsprechende Registrierung ausgef\u00fcllt werden m\u00fcssen. 1.5. Der Hauptzweck der automatisierten Verarbeitung von personenbezogenen Daten, die infolge der Bestellung, Verwendung, Vertragsabschlusses \u00fcber ein Produkt oder eine Dienstleistung oder irgendeine Transaktion oder eines Vorgangs, \u00fcber diese Website erfasst werden, ist die Aufrechterhaltung der Vertragsbeziehung mit dem Inhaber der Website. 1.6. Sie erteilen Ihre Genehmigung f\u00fcr den Versand von Werbung f\u00fcr unsere Dienstleistungen und Produkte. Ihre personenbezogenen Daten k\u00f6nnen verwendet werden, um den Versand von Werbung auf herk\u00f6mmliche oder elektronische Weise zu verwalten. Die E-Mail-Adressen und die personenbezogenen Daten, die Sie uns \u00fcber das Kontaktformular auf der Website zur Verf\u00fcgung stellen, werden ausschlie\u00dflich zur Beantwortung Ihrer auf diesem Weg gestellten Fragen verwendet. So besagen es die Bestimmungen der Artikel 22.1 und 22.2 im Gesetz 34\/2002 vom 11. Juli \u00fcber Dienstleistungen der Informationsgesellschaft und des elektronischen Gesch\u00e4ftsverkehrs, in ihrer ge\u00e4nderten Fassung gem\u00e4\u00df Art. 4 des K\u00f6niglichen Gesetzesdekrets 13\/2012 \u00fcber die Nutzung und Verarbeitung Ihrer personenbezogenen Daten mit dem Zweck, den Versand von Werbung zu verwalten. 1.7. Das Unternehmen garantiert die Vertraulichkeit der personenbezogenen Daten der Benutzer. Unbeschadet dessen werden die Gesellschaft und\/oder das Unternehmen den zust\u00e4ndigen Beh\u00f6rden die personenbezogenen Daten und andere Informationen bekannt geben, die sich in ihrem Besitz befinden oder \u00fcber ihre Systeme zug\u00e4nglich sind, die gem\u00e4\u00df den im jeweiligen Fall geltenden gesetzlichen Bestimmungen und Vorschriften verlangt werden. Die personenbezogenen Daten k\u00f6nnen in den Dateien, deren Inhaber die THE CONCIERGES, S.L. U. ist, auch nach Beendigung der \u00fcber die Website des Unternehmens entstandenen Gesch\u00e4ftsbeziehung, ausschlie\u00dflich f\u00fcr die oben genannten Zwecke und in jedem Fall w\u00e4hrend der gesetzlich festgelegten Fristen gespeichert werden und stehen den Verwaltungs- oder Justizbeh\u00f6rden zur Verf\u00fcgung.[\/vc_column_text][\/vc_column][\/vc_row]<\/p>\n","protected":false},"author":1,"featured_media":0,"parent":0,"menu_order":0,"comment_status":"closed","ping_status":"closed","template":"","meta":{"footnotes":""},"class_list":["post-1448","page","type-page","status-publish","hentry"],"jetpack_sharing_enabled":true,"_links":{"self":[{"href":"https:\/\/vespa-rental.es\/de\/wp-json\/wp\/v2\/pages\/1448","targetHints":{"allow":["GET"]}}],"collection":[{"href":"https:\/\/vespa-rental.es\/de\/wp-json\/wp\/v2\/pages"}],"about":[{"href":"https:\/\/vespa-rental.es\/de\/wp-json\/wp\/v2\/types\/page"}],"author":[{"embeddable":true,"href":"https:\/\/vespa-rental.es\/de\/wp-json\/wp\/v2\/users\/1"}],"replies":[{"embeddable":true,"href":"https:\/\/vespa-rental.es\/de\/wp-json\/wp\/v2\/comments?post=1448"}],"version-history":[{"count":5,"href":"https:\/\/vespa-rental.es\/de\/wp-json\/wp\/v2\/pages\/1448\/revisions"}],"predecessor-version":[{"id":1745,"href":"https:\/\/vespa-rental.es\/de\/wp-json\/wp\/v2\/pages\/1448\/revisions\/1745"}],"wp:attachment":[{"href":"https:\/\/vespa-rental.es\/de\/wp-json\/wp\/v2\/media?parent=1448"}],"curies":[{"name":"wp","href":"https:\/\/api.w.org\/{rel}","templated":true}]}}